{"id":238,"date":"2020-12-01T12:43:28","date_gmt":"2020-12-01T11:43:28","guid":{"rendered":"http:\/\/vinschueller.fr\/?page_id=238"},"modified":"2023-10-31T17:05:00","modified_gmt":"2023-10-31T16:05:00","slug":"pinot-gris","status":"publish","type":"page","link":"https:\/\/vinschueller.fr\/index.php\/nos-vins-blancs\/pinot-gris\/","title":{"rendered":"Pinot gris"},"content":{"rendered":"<p>[et_pb_section fb_built=\u00a0\u00bb1&Prime; _builder_version=\u00a0\u00bb4.16&Prime; background_color=\u00a0\u00bb#ffffff\u00a0\u00bb global_colors_info=\u00a0\u00bb{}\u00a0\u00bb][et_pb_row _builder_version=\u00a0\u00bb4.16&Prime; _module_preset=\u00a0\u00bbdefault\u00a0\u00bb background_color=\u00a0\u00bb#ffffff\u00a0\u00bb custom_margin=\u00a0\u00bb2px||2px||false|false\u00a0\u00bb custom_padding=\u00a0\u00bb1px||1px||false|false\u00a0\u00bb global_colors_info=\u00a0\u00bb{}\u00a0\u00bb][et_pb_column type=\u00a0\u00bb4_4&Prime; _builder_version=\u00a0\u00bb4.16&Prime; _module_preset=\u00a0\u00bbdefault\u00a0\u00bb global_colors_info=\u00a0\u00bb{}\u00a0\u00bb][et_pb_text _builder_version=\u00a0\u00bb4.23&Prime; background_color=\u00a0\u00bb#ffffff\u00a0\u00bb background_size=\u00a0\u00bbinitial\u00a0\u00bb background_position=\u00a0\u00bbtop_left\u00a0\u00bb background_repeat=\u00a0\u00bbrepeat\u00a0\u00bb custom_margin=\u00a0\u00bb2px||2px||false|false\u00a0\u00bb custom_padding=\u00a0\u00bb1px||1px||false|false\u00a0\u00bb hover_enabled=\u00a0\u00bb0&Prime; inline_fonts=\u00a0\u00bbArial\u00a0\u00bb global_colors_info=\u00a0\u00bb{}\u00a0\u00bb sticky_enabled=\u00a0\u00bb0&Prime;]<\/p>\n<p style=\"text-align: center;\"><span style=\"font-size: large; color: #000000;\"><strong><span style=\"font-family: Arial;\"><span style=\"font-size: 14pt;\">Les Pinot gris du domaine SCHUELLER<\/span><br \/><\/span><\/strong><\/span><\/p>\n<pre style=\"text-align: left; padding-left: 160px;\"><span style=\"font-size: 12pt; color: #000000;\"><strong><span style=\"font-family: Arial;\">Pinot Gris en 75cl (demi sec)\nPinot Gris Cuv\u00e9e Timoth\u00e9e en 75cl\nPinot Gris en Magnum 150cl livr\u00e9 en coffret bois\n\n<em>ainsi que (voir la page)<\/em>\n<em>Pinot Gris Vendanges Tardives en 75cl<\/em>\n<em>Pinot Gris Grains Nobles en 50cl<\/em><\/span><\/strong><\/span><\/pre>\n<p style=\"padding-left: 160px;\">[\/et_pb_text][et_pb_slider show_pagination=\u00a0\u00bboff\u00a0\u00bb arrows_custom_color=\u00a0\u00bb#000000&Prime; _builder_version=\u00a0\u00bb4.16&Prime; _module_preset=\u00a0\u00bbdefault\u00a0\u00bb body_text_color=\u00a0\u00bb#000000&Prime; background_color=\u00a0\u00bb#ffffff\u00a0\u00bb module_alignment=\u00a0\u00bbcenter\u00a0\u00bb custom_margin=\u00a0\u00bb2px||2px||false|false\u00a0\u00bb custom_padding=\u00a0\u00bb1px||1px||false|false\u00a0\u00bb auto=\u00a0\u00bbon\u00a0\u00bb border_color_all=\u00a0\u00bb#ffffff\u00a0\u00bb border_style_all=\u00a0\u00bbnone\u00a0\u00bb border_color_all_image=\u00a0\u00bb#ffffff\u00a0\u00bb border_style_all_image=\u00a0\u00bbnone\u00a0\u00bb global_colors_info=\u00a0\u00bb{}\u00a0\u00bb][et_pb_slide _builder_version=\u00a0\u00bb4.16&Prime; _module_preset=\u00a0\u00bbdefault\u00a0\u00bb global_colors_info=\u00a0\u00bb{}\u00a0\u00bb sticky_transition=\u00a0\u00bbon\u00a0\u00bb]<\/p>\n<p><img loading=\"lazy\" decoding=\"async\" class=\"alignnone wp-image-179\" src=\"https:\/\/vinschueller.fr\/wp-content\/uploads\/2020\/08\/116802151_654914645115415_8406658114921602990_o.jpg\" alt=\"\" width=\"515\" height=\"600\" srcset=\"https:\/\/vinschueller.fr\/wp-content\/uploads\/2020\/08\/116802151_654914645115415_8406658114921602990_o.jpg 824w, https:\/\/vinschueller.fr\/wp-content\/uploads\/2020\/08\/116802151_654914645115415_8406658114921602990_o-258x300.jpg 258w, https:\/\/vinschueller.fr\/wp-content\/uploads\/2020\/08\/116802151_654914645115415_8406658114921602990_o-768x895.jpg 768w\" sizes=\"(max-width: 515px) 100vw, 515px\" \/><\/p>\n<p>[\/et_pb_slide][et_pb_slide _builder_version=\u00a0\u00bb4.16&Prime; _module_preset=\u00a0\u00bbdefault\u00a0\u00bb global_colors_info=\u00a0\u00bb{}\u00a0\u00bb sticky_transition=\u00a0\u00bbon\u00a0\u00bb]<\/p>\n<p><img loading=\"lazy\" decoding=\"async\" class=\"alignnone wp-image-519\" src=\"https:\/\/vinschueller.fr\/wp-content\/uploads\/2020\/12\/PinotGris2019-300-520x1024.jpg\" alt=\"\" width=\"305\" height=\"600\" srcset=\"https:\/\/vinschueller.fr\/wp-content\/uploads\/2020\/12\/PinotGris2019-300-520x1024.jpg 520w, https:\/\/vinschueller.fr\/wp-content\/uploads\/2020\/12\/PinotGris2019-300-152x300.jpg 152w, https:\/\/vinschueller.fr\/wp-content\/uploads\/2020\/12\/PinotGris2019-300-768x1511.jpg 768w, https:\/\/vinschueller.fr\/wp-content\/uploads\/2020\/12\/PinotGris2019-300-781x1536.jpg 781w, https:\/\/vinschueller.fr\/wp-content\/uploads\/2020\/12\/PinotGris2019-300-1041x2048.jpg 1041w, https:\/\/vinschueller.fr\/wp-content\/uploads\/2020\/12\/PinotGris2019-300-1200x2361.jpg 1200w, https:\/\/vinschueller.fr\/wp-content\/uploads\/2020\/12\/PinotGris2019-300-scaled.jpg 1301w\" sizes=\"(max-width: 305px) 100vw, 305px\" \/><\/p>\n<p>[\/et_pb_slide][et_pb_slide _builder_version=\u00a0\u00bb4.16&Prime; _module_preset=\u00a0\u00bbdefault\u00a0\u00bb global_colors_info=\u00a0\u00bb{}\u00a0\u00bb sticky_transition=\u00a0\u00bbon\u00a0\u00bb]<\/p>\n<p><img loading=\"lazy\" decoding=\"async\" class=\"alignnone wp-image-520\" src=\"https:\/\/vinschueller.fr\/wp-content\/uploads\/2020\/12\/PinotGrisHatsch2018-300-679x1024.jpg\" alt=\"\" width=\"398\" height=\"600\" srcset=\"https:\/\/vinschueller.fr\/wp-content\/uploads\/2020\/12\/PinotGrisHatsch2018-300-679x1024.jpg 679w, https:\/\/vinschueller.fr\/wp-content\/uploads\/2020\/12\/PinotGrisHatsch2018-300-199x300.jpg 199w, https:\/\/vinschueller.fr\/wp-content\/uploads\/2020\/12\/PinotGrisHatsch2018-300-768x1158.jpg 768w, https:\/\/vinschueller.fr\/wp-content\/uploads\/2020\/12\/PinotGrisHatsch2018-300-1019x1536.jpg 1019w, https:\/\/vinschueller.fr\/wp-content\/uploads\/2020\/12\/PinotGrisHatsch2018-300-1359x2048.jpg 1359w, https:\/\/vinschueller.fr\/wp-content\/uploads\/2020\/12\/PinotGrisHatsch2018-300-1200x1809.jpg 1200w, https:\/\/vinschueller.fr\/wp-content\/uploads\/2020\/12\/PinotGrisHatsch2018-300-scaled.jpg 1698w\" sizes=\"(max-width: 398px) 100vw, 398px\" \/><\/p>\n<p>[\/et_pb_slide][\/et_pb_slider][\/et_pb_column][\/et_pb_row][et_pb_row use_custom_gutter=\u00a0\u00bbon\u00a0\u00bb gutter_width=\u00a0\u00bb2&Prime; make_equal=\u00a0\u00bbon\u00a0\u00bb _builder_version=\u00a0\u00bb4.16&Prime; background_size=\u00a0\u00bbinitial\u00a0\u00bb background_position=\u00a0\u00bbtop_left\u00a0\u00bb background_repeat=\u00a0\u00bbrepeat\u00a0\u00bb min_height=\u00a0\u00bb2174px\u00a0\u00bb custom_margin=\u00a0\u00bb2px||2px||false|false\u00a0\u00bb custom_padding=\u00a0\u00bb1px||1px||false|false\u00a0\u00bb global_colors_info=\u00a0\u00bb{}\u00a0\u00bb][et_pb_column type=\u00a0\u00bb4_4&Prime; _builder_version=\u00a0\u00bb4.16&Prime; custom_padding=\u00a0\u00bb|||\u00a0\u00bb global_colors_info=\u00a0\u00bb{}\u00a0\u00bb custom_padding__hover=\u00a0\u00bb|||\u00a0\u00bb][et_pb_text _builder_version=\u00a0\u00bb4.16&Prime; _module_preset=\u00a0\u00bbdefault\u00a0\u00bb custom_margin=\u00a0\u00bb2px||2px||false|false\u00a0\u00bb custom_padding=\u00a0\u00bb1px||1px||false|false\u00a0\u00bb global_colors_info=\u00a0\u00bb{}\u00a0\u00bb]<\/p>\n<p><span style=\"font-family: arial, helvetica, sans-serif; color: #000000; font-size: 14pt;\"><strong>PINOT GRIS D&rsquo;ALSACE<\/strong><\/span><\/p>\n<p style=\"text-align: left;\"><span style=\"color: #000000; font-size: 12pt;\">Robe jaune dor\u00e9e, voire ambr\u00e9e<\/span><br \/><span style=\"font-family: arial, helvetica, sans-serif; color: #000000; font-size: 12pt;\">Notes fum\u00e9es de sous-bois, mousses, champignons, fruits secs, abricot, miel, pain d\u2019\u00e9pices &#8230; <\/span><br \/><span style=\"font-family: arial, helvetica, sans-serif; color: #000000;\"><span style=\"font-size: 12pt;\">Vin opulent, riche, avec du gras\u2013finale longue, \u00e9quilibr\u00e9e entre mati\u00e8re et fra\u00eecheur<\/span><br \/><\/span><\/p>\n<p style=\"text-align: left; padding-left: 120px;\"><span style=\"font-family: arial, helvetica, sans-serif; color: #000000; font-size: 14pt;\"><em><strong>EXCELLENT VIN POUR ACCOMPAGNER :<\/strong><\/em> <\/span><\/p>\n<p style=\"padding-left: 120px;\"><span style=\"font-family: arial, helvetica, sans-serif; color: #000000; font-size: 12pt;\">LE FOIE GRAS, <\/span><br \/><span style=\"font-family: arial, helvetica, sans-serif; color: #000000; font-size: 12pt;\">LE GIBIER &amp; LES VIANDES BLANCHES, <\/span><br \/><span style=\"font-family: arial, helvetica, sans-serif; color: #000000; font-size: 12pt;\">LES RISOTTOS LES FROMAGES (COMT\u00c9, BEAUFORT, APPENZELLER&#8230;)<\/span><\/p>\n<p>[\/et_pb_text][\/et_pb_column][\/et_pb_row][\/et_pb_section]<\/p>\n","protected":false},"excerpt":{"rendered":"<p>Les Pinot gris du domaine SCHUELLER Pinot Gris en 75cl (demi sec) Pinot Gris Cuv\u00e9e Timoth\u00e9e en 75cl Pinot Gris en Magnum 150cl livr\u00e9 en coffret bois ainsi que (voir la page) Pinot Gris Vendanges Tardives en 75cl Pinot Gris Grains Nobles en 50cl PINOT GRIS D&rsquo;ALSACE Robe jaune dor\u00e9e, voire ambr\u00e9eNotes fum\u00e9es de sous-bois, [&hellip;]<\/p>\n","protected":false},"author":1,"featured_media":0,"parent":91,"menu_order":0,"comment_status":"closed","ping_status":"closed","template":"","meta":{"_et_pb_use_builder":"on","_et_pb_old_content":"<pre><img class=\"size-medium wp-image-304 aligncenter\" src=\"http:\/\/vinschueller.fr\/wp-content\/uploads\/2020\/12\/Etiq-PinotGris-300x225.jpg\" alt=\"\" width=\"300\" height=\"225\" \/><strong>Notre Pinot gris 2019 existe en bouteille de 75cl ou en Magnum 150cl livr\u00e9 en coffret bois.<\/strong><\/pre>\r\n<img class=\"size-medium wp-image-391 aligncenter\" src=\"http:\/\/vinschueller.fr\/wp-content\/uploads\/2020\/12\/Etiq-PinotGris-150-1-300x225.jpg\" alt=\"\" width=\"300\" height=\"225\" \/>\r\n\r\n<img class=\"size-large wp-image-519 aligncenter\" src=\"https:\/\/vinschueller.fr\/wp-content\/uploads\/2020\/12\/PinotGris2019-300-520x1024.jpg\" alt=\"\" width=\"520\" height=\"1024\" \/>\r\n<div class=\"wp-block-image\">\r\n<pre class=\"aligncenter size-large\"><img class=\"size-large wp-image-499 aligncenter\" src=\"https:\/\/vinschueller.fr\/wp-content\/uploads\/2020\/12\/PinotGris2019-256-520x1024.jpg\" alt=\"\" width=\"520\" height=\"1024\" \/><strong style=\"font-family: arial, helvetica, sans-serif; font-size: 12pt;\">\r\nPINOT GRIS D\u2019ALSACE<\/strong><\/pre>\r\n<\/div>\r\n<pre style=\"padding-left: 80px;\"><span style=\"font-family: arial, helvetica, sans-serif;\">Robe jaune dor\u00e9e, voire ambr\u00e9e <\/span>\r\n<span style=\"font-family: arial, helvetica, sans-serif;\">Notes fum\u00e9es de sous-bois, mousses, champignons, fruits secs, abricot, miel, pain d\u2019\u00e9pices ... <\/span>\r\n<span style=\"font-family: arial, helvetica, sans-serif;\">Vin opulent, riche, avec du gras\u2013finale longue, \u00e9quilibr\u00e9e entre mati\u00e8re et fra\u00eecheur\r\n<\/span>\r\n<span style=\"font-family: arial, helvetica, sans-serif;\"><em><strong>EXCELLENT VIN POUR ACCOMPAGNER :<\/strong><\/em> <\/span>\r\n\r\n<span style=\"font-family: arial, helvetica, sans-serif;\">LE FOIE GRAS, <\/span>\r\n<span style=\"font-family: arial, helvetica, sans-serif;\">LE GIBIER & LES VIANDES BLANCHES, <\/span>\r\n<span style=\"font-family: arial, helvetica, sans-serif;\">LES RISOTTOS LES FROMAGES (COMT\u00c9, BEAUFORT, APPENZELLER...)\r\n\r\n<\/span><\/pre>","_et_gb_content_width":"","_monsterinsights_skip_tracking":false,"_monsterinsights_sitenote_active":false,"_monsterinsights_sitenote_note":"","_monsterinsights_sitenote_category":0,"footnotes":""},"class_list":["post-238","page","type-page","status-publish","hentry"],"aioseo_notices":[],"_links":{"self":[{"href":"https:\/\/vinschueller.fr\/index.php\/wp-json\/wp\/v2\/pages\/238","targetHints":{"allow":["GET"]}}],"collection":[{"href":"https:\/\/vinschueller.fr\/index.php\/wp-json\/wp\/v2\/pages"}],"about":[{"href":"https:\/\/vinschueller.fr\/index.php\/wp-json\/wp\/v2\/types\/page"}],"author":[{"embeddable":true,"href":"https:\/\/vinschueller.fr\/index.php\/wp-json\/wp\/v2\/users\/1"}],"replies":[{"embeddable":true,"href":"https:\/\/vinschueller.fr\/index.php\/wp-json\/wp\/v2\/comments?post=238"}],"version-history":[{"count":51,"href":"https:\/\/vinschueller.fr\/index.php\/wp-json\/wp\/v2\/pages\/238\/revisions"}],"predecessor-version":[{"id":1860,"href":"https:\/\/vinschueller.fr\/index.php\/wp-json\/wp\/v2\/pages\/238\/revisions\/1860"}],"up":[{"embeddable":true,"href":"https:\/\/vinschueller.fr\/index.php\/wp-json\/wp\/v2\/pages\/91"}],"wp:attachment":[{"href":"https:\/\/vinschueller.fr\/index.php\/wp-json\/wp\/v2\/media?parent=238"}],"curies":[{"name":"wp","href":"https:\/\/api.w.org\/{rel}","templated":true}]}}